{"id":186,"date":"2025-06-18T22:20:22","date_gmt":"2025-06-18T14:20:22","guid":{"rendered":"http:\/\/idon"},"modified":"2025-06-22T17:13:50","modified_gmt":"2025-06-22T09:13:50","slug":"hot-air-balloon-earrings","status":"publish","type":"product","link":"https:\/\/shop1.meiwenti8.top\/es\/producto\/hot-air-balloon-earrings\/","title":{"rendered":"Pantalones de cintura alta y pernera ancha"},"content":{"rendered":"<p>Manifiesta un magnetismo sin esfuerzo. Esculpida a partir de un tejido luminoso y ligero como una pluma que se desliza como la luz capturada, esta pieza se envuelve en una perfecci\u00f3n minimalista. Los bordes deliberadamente inacabados se unen a una mezcla de seda afelpada, creando una silueta et\u00e9rea que se mueve con gracia l\u00edquida. El sutil brillo irradia una tranquila confianza, transformando a quien lo lleva en un faro de sereno poder. Dise\u00f1ado para la mujer que llama la atenci\u00f3n simplemente respirando. Inhala. Exhala. Se adue\u00f1a de la habitaci\u00f3n.<\/p>","protected":false},"excerpt":{"rendered":"<p>Manifiesta un magnetismo sin esfuerzo. Esculpida a partir de un tejido luminoso y ligero como una pluma que se desliza como la luz capturada, esta pieza se envuelve en una perfecci\u00f3n minimalista. Los bordes deliberadamente inacabados se unen a una mezcla de seda afelpada, creando una silueta et\u00e9rea que se mueve con gracia l\u00edquida. El sutil brillo irradia una tranquila confianza, transformando a quien lo lleva en un faro de sereno poder. Dise\u00f1ado para la mujer que llama la atenci\u00f3n simplemente respirando. Inhala. Exhala. Se adue\u00f1a de la habitaci\u00f3n.<\/p>","protected":false},"featured_media":298,"comment_status":"open","ping_status":"closed","template":"","meta":[],"product_brand":[],"product_cat":[29],"product_tag":[],"class_list":{"0":"post-186","1":"product","2":"type-product","3":"status-publish","4":"has-post-thumbnail","6":"product_cat-accessories","8":"first","9":"instock","10":"sale","11":"shipping-taxable","12":"purchasable","13":"product-type-simple"},"_links":{"self":[{"href":"https:\/\/shop1.meiwenti8.top\/es\/wp-json\/wp\/v2\/product\/186","targetHints":{"allow":["GET"]}}],"collection":[{"href":"https:\/\/shop1.meiwenti8.top\/es\/wp-json\/wp\/v2\/product"}],"about":[{"href":"https:\/\/shop1.meiwenti8.top\/es\/wp-json\/wp\/v2\/types\/product"}],"replies":[{"embeddable":true,"href":"https:\/\/shop1.meiwenti8.top\/es\/wp-json\/wp\/v2\/comments?post=186"}],"wp:featuredmedia":[{"embeddable":true,"href":"https:\/\/shop1.meiwenti8.top\/es\/wp-json\/wp\/v2\/media\/298"}],"wp:attachment":[{"href":"https:\/\/shop1.meiwenti8.top\/es\/wp-json\/wp\/v2\/media?parent=186"}],"wp:term":[{"taxonomy":"product_brand","embeddable":true,"href":"https:\/\/shop1.meiwenti8.top\/es\/wp-json\/wp\/v2\/product_brand?post=186"},{"taxonomy":"product_cat","embeddable":true,"href":"https:\/\/shop1.meiwenti8.top\/es\/wp-json\/wp\/v2\/product_cat?post=186"},{"taxonomy":"product_tag","embeddable":true,"href":"https:\/\/shop1.meiwenti8.top\/es\/wp-json\/wp\/v2\/product_tag?post=186"}],"curies":[{"name":"wp","href":"https:\/\/api.w.org\/{rel}","templated":true}]}}